{"id":15,"date":"2020-04-13T10:18:34","date_gmt":"2020-04-13T10:18:34","guid":{"rendered":"http:\/\/www.boardgaming.pl\/?page_id=15"},"modified":"2022-06-16T07:00:48","modified_gmt":"2022-06-16T07:00:48","slug":"skontaktuj-sie-z-nami","status":"publish","type":"page","link":"https:\/\/www.boardgaming.pl\/index.php\/pl\/skontaktuj-sie-z-nami\/","title":{"rendered":"Zapytaj o figurki 3D!"},"content":{"rendered":"<div class=\"wpforms-container wpforms-container-full\" id=\"wpforms-26\"><form id=\"wpforms-form-26\" class=\"wpforms-validate wpforms-form\" data-formid=\"26\" method=\"post\" enctype=\"multipart\/form-data\" action=\"\/index.php\/wp-json\/wp\/v2\/pages\/15\" data-token=\"29de17a75ea6061a6525f2506209309c\"><noscript class=\"wpforms-error-noscript\">Please enable JavaScript in your browser to complete this form.<\/noscript><div class=\"wpforms-field-container\"><div id=\"wpforms-26-field_8-container\" class=\"wpforms-field wpforms-field-textarea\" data-field-id=\"8\"><label class=\"wpforms-field-label\" for=\"wpforms-26-field_8\">Zapytaj o konkretny tytu\u0142, podaj\u0105c ilo\u015b\u0107 oraz wskazuj\u0105c  elementy, kt\u00f3re chcia\u0142by\u015b wyceni\u0107:<\/label><textarea id=\"wpforms-26-field_8\" class=\"wpforms-field-medium\" name=\"wpforms[fields][8]\" placeholder=\"nazwa gry, kt\u00f3r\u0105 chcia\u0142by\u015b wzbogaci\u0107 o elementy 3D\" ><\/textarea><\/div><div id=\"wpforms-26-field_0-container\" class=\"wpforms-field wpforms-field-name\" data-field-id=\"0\"><label class=\"wpforms-field-label\" for=\"wpforms-26-field_0\">Imi\u0119 <span class=\"wpforms-required-label\">*<\/span><\/label><input type=\"text\" id=\"wpforms-26-field_0\" class=\"wpforms-field-medium wpforms-field-required\" name=\"wpforms[fields][0]\" required><\/div><div id=\"wpforms-26-field_1-container\" class=\"wpforms-field wpforms-field-email\" data-field-id=\"1\"><label class=\"wpforms-field-label\" for=\"wpforms-26-field_1\">Email <span class=\"wpforms-required-label\">*<\/span><\/label><input type=\"email\" id=\"wpforms-26-field_1\" class=\"wpforms-field-medium wpforms-field-required\" name=\"wpforms[fields][1]\" required><div class=\"wpforms-field-description\">Podaj adres e-mail, aby\u015bmy mogli do Ciebie powr\u00f3ci\u0107 z konkretn\u0105 ofert\u0105<\/div><\/div><div id=\"wpforms-26-field_4-container\" class=\"wpforms-field wpforms-field-textarea\" data-field-id=\"4\"><label class=\"wpforms-field-label\" for=\"wpforms-26-field_4\">Tre\u015b\u0107 zapytania <span class=\"wpforms-required-label\">*<\/span><\/label><textarea id=\"wpforms-26-field_4\" class=\"wpforms-field-medium wpforms-field-required\" name=\"wpforms[fields][4]\" placeholder=\"Okre\u015bl ilo\u015b\u0107, mo\u017cesz tak\u017ce poda\u0107 nazw\u0119 konkretnego modelu b\u0105d\u017a figurk\u0119, kt\u00f3r\u0105 chcia\u0142by\u015b posiada\u0107\" required><\/textarea><\/div><\/div><div class=\"wpforms-field wpforms-field-hp\"><label for=\"wpforms-26-field-hp\" class=\"wpforms-field-label\">Website<\/label><input type=\"text\" name=\"wpforms[hp]\" id=\"wpforms-26-field-hp\" class=\"wpforms-field-medium\"><\/div><div class=\"wpforms-submit-container\"><input type=\"hidden\" name=\"wpforms[id]\" value=\"26\"><input type=\"hidden\" name=\"wpforms[author]\" value=\"1\"><button type=\"submit\" name=\"wpforms[submit]\" id=\"wpforms-submit-26\" class=\"wpforms-submit\" data-alt-text=\"Wysy\u0142anie...\" data-submit-text=\"Wy\u015blij\" aria-live=\"assertive\" value=\"wpforms-submit\">Wy\u015blij<\/button><\/div><\/form><\/div>  <!-- .wpforms-container -->\n\n\n\n<p><\/p>\n","protected":false},"excerpt":{"rendered":"","protected":false},"author":1,"featured_media":0,"parent":0,"menu_order":0,"comment_status":"closed","ping_status":"closed","template":"","meta":{"_mi_skip_tracking":false,"ngg_post_thumbnail":0},"yoast_head":"<!-- This site is optimized with the Yoast SEO plugin v19.2 - https:\/\/yoast.com\/wordpress\/plugins\/seo\/ -->\n<title>Zapytaj o figurki 3D! | boardgaming.pl<\/title>\n<meta name=\"robots\" content=\"index, follow, max-snippet:-1, max-image-preview:large, max-video-preview:-1\" \/>\n<link rel=\"canonical\" href=\"https:\/\/www.boardgaming.pl\/index.php\/pl\/skontaktuj-sie-z-nami\/\" \/>\n<meta property=\"og:locale\" content=\"pl_PL\" \/>\n<meta property=\"og:type\" content=\"article\" \/>\n<meta property=\"og:title\" content=\"Zapytaj o figurki 3D! | boardgaming.pl\" \/>\n<meta property=\"og:url\" content=\"https:\/\/www.boardgaming.pl\/index.php\/pl\/skontaktuj-sie-z-nami\/\" \/>\n<meta property=\"og:site_name\" content=\"boardgaming.pl\" \/>\n<meta property=\"article:modified_time\" content=\"2022-06-16T07:00:48+00:00\" \/>\n<meta name=\"author\" content=\"admin6235\" \/>\n<meta name=\"twitter:card\" content=\"summary_large_image\" \/>\n<script type=\"application\/ld+json\" class=\"yoast-schema-graph\">{\"@context\":\"https:\/\/schema.org\",\"@graph\":[{\"@type\":\"WebSite\",\"@id\":\"https:\/\/www.boardgaming.pl\/#website\",\"url\":\"https:\/\/www.boardgaming.pl\/\",\"name\":\"boardgaming.pl\",\"description\":\"thoughts about best board games\",\"potentialAction\":[{\"@type\":\"SearchAction\",\"target\":{\"@type\":\"EntryPoint\",\"urlTemplate\":\"https:\/\/www.boardgaming.pl\/?s={search_term_string}\"},\"query-input\":\"required name=search_term_string\"}],\"inLanguage\":\"pl-PL\"},{\"@type\":\"WebPage\",\"@id\":\"https:\/\/www.boardgaming.pl\/index.php\/pl\/skontaktuj-sie-z-nami\/#webpage\",\"url\":\"https:\/\/www.boardgaming.pl\/index.php\/pl\/skontaktuj-sie-z-nami\/\",\"name\":\"Zapytaj o figurki 3D! | boardgaming.pl\",\"isPartOf\":{\"@id\":\"https:\/\/www.boardgaming.pl\/#website\"},\"datePublished\":\"2020-04-13T10:18:34+00:00\",\"dateModified\":\"2022-06-16T07:00:48+00:00\",\"breadcrumb\":{\"@id\":\"https:\/\/www.boardgaming.pl\/index.php\/pl\/skontaktuj-sie-z-nami\/#breadcrumb\"},\"inLanguage\":\"pl-PL\",\"potentialAction\":[{\"@type\":\"ReadAction\",\"target\":[\"https:\/\/www.boardgaming.pl\/index.php\/pl\/skontaktuj-sie-z-nami\/\"]}]},{\"@type\":\"BreadcrumbList\",\"@id\":\"https:\/\/www.boardgaming.pl\/index.php\/pl\/skontaktuj-sie-z-nami\/#breadcrumb\",\"itemListElement\":[{\"@type\":\"ListItem\",\"position\":1,\"name\":\"Zapytaj o figurki 3D!\"}]}]}<\/script>\n<!-- \/ Yoast SEO plugin. -->","yoast_head_json":{"title":"Zapytaj o figurki 3D! | boardgaming.pl","robots":{"index":"index","follow":"follow","max-snippet":"max-snippet:-1","max-image-preview":"max-image-preview:large","max-video-preview":"max-video-preview:-1"},"canonical":"https:\/\/www.boardgaming.pl\/index.php\/pl\/skontaktuj-sie-z-nami\/","og_locale":"pl_PL","og_type":"article","og_title":"Zapytaj o figurki 3D! | boardgaming.pl","og_url":"https:\/\/www.boardgaming.pl\/index.php\/pl\/skontaktuj-sie-z-nami\/","og_site_name":"boardgaming.pl","article_modified_time":"2022-06-16T07:00:48+00:00","author":"admin6235","twitter_card":"summary_large_image","schema":{"@context":"https:\/\/schema.org","@graph":[{"@type":"WebSite","@id":"https:\/\/www.boardgaming.pl\/#website","url":"https:\/\/www.boardgaming.pl\/","name":"boardgaming.pl","description":"thoughts about best board games","potentialAction":[{"@type":"SearchAction","target":{"@type":"EntryPoint","urlTemplate":"https:\/\/www.boardgaming.pl\/?s={search_term_string}"},"query-input":"required name=search_term_string"}],"inLanguage":"pl-PL"},{"@type":"WebPage","@id":"https:\/\/www.boardgaming.pl\/index.php\/pl\/skontaktuj-sie-z-nami\/#webpage","url":"https:\/\/www.boardgaming.pl\/index.php\/pl\/skontaktuj-sie-z-nami\/","name":"Zapytaj o figurki 3D! | boardgaming.pl","isPartOf":{"@id":"https:\/\/www.boardgaming.pl\/#website"},"datePublished":"2020-04-13T10:18:34+00:00","dateModified":"2022-06-16T07:00:48+00:00","breadcrumb":{"@id":"https:\/\/www.boardgaming.pl\/index.php\/pl\/skontaktuj-sie-z-nami\/#breadcrumb"},"inLanguage":"pl-PL","potentialAction":[{"@type":"ReadAction","target":["https:\/\/www.boardgaming.pl\/index.php\/pl\/skontaktuj-sie-z-nami\/"]}]},{"@type":"BreadcrumbList","@id":"https:\/\/www.boardgaming.pl\/index.php\/pl\/skontaktuj-sie-z-nami\/#breadcrumb","itemListElement":[{"@type":"ListItem","position":1,"name":"Zapytaj o figurki 3D!"}]}]}},"jetpack_sharing_enabled":true,"_links":{"self":[{"href":"https:\/\/www.boardgaming.pl\/index.php\/wp-json\/wp\/v2\/pages\/15"}],"collection":[{"href":"https:\/\/www.boardgaming.pl\/index.php\/wp-json\/wp\/v2\/pages"}],"about":[{"href":"https:\/\/www.boardgaming.pl\/index.php\/wp-json\/wp\/v2\/types\/page"}],"author":[{"embeddable":true,"href":"https:\/\/www.boardgaming.pl\/index.php\/wp-json\/wp\/v2\/users\/1"}],"replies":[{"embeddable":true,"href":"https:\/\/www.boardgaming.pl\/index.php\/wp-json\/wp\/v2\/comments?post=15"}],"version-history":[{"count":1,"href":"https:\/\/www.boardgaming.pl\/index.php\/wp-json\/wp\/v2\/pages\/15\/revisions"}],"predecessor-version":[{"id":1078,"href":"https:\/\/www.boardgaming.pl\/index.php\/wp-json\/wp\/v2\/pages\/15\/revisions\/1078"}],"wp:attachment":[{"href":"https:\/\/www.boardgaming.pl\/index.php\/wp-json\/wp\/v2\/media?parent=15"}],"curies":[{"name":"wp","href":"https:\/\/api.w.org\/{rel}","templated":true}]}}